{"id":1844,"date":"2025-07-17T10:50:41","date_gmt":"2025-07-17T10:50:41","guid":{"rendered":"https:\/\/cornerhotel.lt\/projekty-ue\/"},"modified":"2025-09-08T13:24:50","modified_gmt":"2025-09-08T13:24:50","slug":"projekty-ue","status":"publish","type":"page","link":"https:\/\/cornerhotel.lt\/pl\/projekty-ue\/","title":{"rendered":"Projekty UE"},"content":{"rendered":"\t\t<div data-elementor-type=\"wp-page\" data-elementor-id=\"1844\" class=\"elementor elementor-1844 elementor-397\" data-elementor-post-type=\"page\">\n\t\t\t\t<div class=\"elementor-element elementor-element-78ea895e e-flex e-con-boxed e-con e-parent\" data-id=\"78ea895e\" data-element_type=\"container\" data-e-type=\"container\" data-settings=\"{&quot;background_background&quot;:&quot;classic&quot;}\">\n\t\t\t\t\t<div class=\"e-con-inner\">\n\t\t<div class=\"elementor-element elementor-element-768f5510 e-con-full e-flex e-con e-child\" data-id=\"768f5510\" data-element_type=\"container\" data-e-type=\"container\">\n\t\t\t\t<div class=\"elementor-element elementor-element-7689ca6a elementor-widget elementor-widget-heading\" data-id=\"7689ca6a\" data-element_type=\"widget\" data-e-type=\"widget\" data-widget_type=\"heading.default\">\n\t\t\t\t\t<h2 class=\"elementor-heading-title elementor-size-default\">PROJEKTY UE<\/h2>\t\t\t\t<\/div>\n\t\t\t\t<\/div>\n\t\t\t\t\t<\/div>\n\t\t\t\t<\/div>\n\t\t<div class=\"elementor-element elementor-element-1dc5d86 e-flex e-con-boxed e-con e-parent\" data-id=\"1dc5d86\" data-element_type=\"container\" data-e-type=\"container\" data-settings=\"{&quot;background_background&quot;:&quot;classic&quot;}\">\n\t\t\t\t\t<div class=\"e-con-inner\">\n\t\t\t\t<div class=\"elementor-element elementor-element-7bd2d7d1 elementor-widget elementor-widget-text-editor\" data-id=\"7bd2d7d1\" data-element_type=\"widget\" data-e-type=\"widget\" data-widget_type=\"text-editor.default\">\n\t\t\t\t\t\t\t\t\t<p class=\"wp-block-heading\">Wdro\u017cenie modelu e-commerce w UAB &#8222;Vystyk&#8221; w celu optymalizacji procesu biznesowego i zwi\u0119kszenia efektywno\u015bci operacyjnej<\/p><p>Celem projektu jest wdro\u017cenie technologii informacyjnych do zarz\u0105dzania transakcjami biznesowymi drog\u0105 elektroniczn\u0105 w firmie &#8222;Vystyk&#8221;, w celu zwi\u0119kszenia wzrostu przychod\u00f3w.<\/p><p>G\u0142\u00f3wn\u0105 dzia\u0142alno\u015bci\u0105 hotelu Corner Hotel (UAB &#8222;Vystyk&#8221;) jest \u015bwiadczenie us\u0142ug zakwaterowania. Firma powa\u017cnie ucierpia\u0142a w wyniku skutk\u00f3w pandemii COVID-19, kiedy to spadek liczby turyst\u00f3w w Wilnie spowodowa\u0142 znaczny spadek ob\u0142o\u017cenia hotelu i przychod\u00f3w hotelu. W okresie pandemii zmieni\u0142y si\u0119 r\u00f3wnie\u017c oczekiwania klient\u00f3w, a bezpiecze\u0144stwo sta\u0142o si\u0119 jednym z najwi\u0119kszych priorytet\u00f3w. W celu zwi\u0119kszenia atrakcyjno\u015bci hotelu, spe\u0142nienia oczekiwa\u0144 go\u015bci i zwi\u0119kszenia przychod\u00f3w, konieczna jest modernizacja proces\u00f3w hotelowych. W trakcie realizacji projektu planowane jest wdro\u017cenie systemu samoobs\u0142ugi klienta, kt\u00f3ry umo\u017cliwi go\u015bciom zameldowanie si\u0119 zdalnie, ca\u0142kowicie unikaj\u0105c kontaktu z pracownikami i skracaj\u0105c czas zameldowania go\u015bci oraz zmniejszaj\u0105c bezpo\u015bredni kontakt podczas zameldowania w tradycyjny spos\u00f3b, co pomo\u017ce zarz\u0105dza\u0107 ryzykiem i pozwoli hotelowi na prowadzenie nieprzerwanej dzia\u0142alno\u015bci.    <\/p><p>W ramach projektu zostan\u0105 wdro\u017cone e-rozwi\u0105zania \u2013 system samoobs\u0142ugi klienta oraz integracja mi\u0119dzy istniej\u0105cym systemem rezerwacji, systemem samoobs\u0142ugi klienta a zamkami drzwi do pokoi i innych przej\u015b\u0107. Po wdro\u017ceniu integracji informacje z jednego systemu do drugiego b\u0119d\u0105 przekazywane natychmiast, zapewniaj\u0105c sprawny proces rezerwacji i bezpieczne zameldowanie tylko do przygotowanego pokoju. System samoobs\u0142ugi klienta umo\u017cliwi go\u015bciom rezerwacj\u0119 i zameldowanie si\u0119 w hotelu zdalnie, unikaj\u0105c kontaktu z pracownikiem, co pomo\u017ce zarz\u0105dza\u0107 ryzykiem i pozwoli hotelowi na prowadzenie nieprzerwanej dzia\u0142alno\u015bci. <\/p><p>Pocz\u0105tek projektu: 2021-09-22<br>Koniec projektu: 2023-01-20<br>Finansowane z Europejskiego Funduszu Rozwoju Regionalnego, jako \u015brodek Unii Europejskiej w odpowiedzi na pandemi\u0119 COVID-19<br>Realizator projektu: UAB \u201cVystyk\u201d<\/p>\t\t\t\t\t\t\t\t<\/div>\n\t\t\t\t\t<\/div>\n\t\t\t\t<\/div>\n\t\t\t\t<\/div>\n\t\t","protected":false},"excerpt":{"rendered":"<p>PROJEKTY UE Wdro\u017cenie modelu e-commerce w UAB &#8222;Vystyk&#8221; w celu optymalizacji procesu biznesowego i zwi\u0119kszenia efektywno\u015bci operacyjnej Celem projektu jest wdro\u017cenie technologii informacyjnych do zarz\u0105dzania transakcjami biznesowymi drog\u0105 elektroniczn\u0105 w firmie &#8222;Vystyk&#8221;, w celu zwi\u0119kszenia wzrostu przychod\u00f3w. G\u0142\u00f3wn\u0105 dzia\u0142alno\u015bci\u0105 hotelu Corner Hotel (UAB &#8222;Vystyk&#8221;) jest \u015bwiadczenie us\u0142ug zakwaterowania. Firma powa\u017cnie ucierpia\u0142a w wyniku skutk\u00f3w pandemii [&hellip;]<\/p>\n","protected":false},"author":1,"featured_media":0,"parent":0,"menu_order":0,"comment_status":"closed","ping_status":"closed","template":"","meta":{"footnotes":""},"class_list":["post-1844","page","type-page","status-publish","hentry"],"_links":{"self":[{"href":"https:\/\/cornerhotel.lt\/pl\/wp-json\/wp\/v2\/pages\/1844","targetHints":{"allow":["GET"]}}],"collection":[{"href":"https:\/\/cornerhotel.lt\/pl\/wp-json\/wp\/v2\/pages"}],"about":[{"href":"https:\/\/cornerhotel.lt\/pl\/wp-json\/wp\/v2\/types\/page"}],"author":[{"embeddable":true,"href":"https:\/\/cornerhotel.lt\/pl\/wp-json\/wp\/v2\/users\/1"}],"replies":[{"embeddable":true,"href":"https:\/\/cornerhotel.lt\/pl\/wp-json\/wp\/v2\/comments?post=1844"}],"version-history":[{"count":1,"href":"https:\/\/cornerhotel.lt\/pl\/wp-json\/wp\/v2\/pages\/1844\/revisions"}],"predecessor-version":[{"id":1845,"href":"https:\/\/cornerhotel.lt\/pl\/wp-json\/wp\/v2\/pages\/1844\/revisions\/1845"}],"wp:attachment":[{"href":"https:\/\/cornerhotel.lt\/pl\/wp-json\/wp\/v2\/media?parent=1844"}],"curies":[{"name":"wp","href":"https:\/\/api.w.org\/{rel}","templated":true}]}}