{"id":2355,"date":"2025-10-07T18:18:01","date_gmt":"2025-10-07T18:18:01","guid":{"rendered":"https:\/\/cornerhotel.lt\/scan-glowny\/"},"modified":"2025-10-09T18:08:10","modified_gmt":"2025-10-09T18:08:10","slug":"scan-glowny","status":"publish","type":"page","link":"https:\/\/cornerhotel.lt\/pl\/scan-glowny\/","title":{"rendered":"SCAN &#8211; g\u0142\u00f3wny"},"content":{"rendered":"\t\t<div data-elementor-type=\"wp-page\" data-elementor-id=\"2355\" class=\"elementor elementor-2355 elementor-2201\" data-elementor-post-type=\"page\">\n\t\t\t\t<div class=\"elementor-element elementor-element-4497531 e-flex e-con-boxed e-con e-parent\" data-id=\"4497531\" data-element_type=\"container\" data-e-type=\"container\" data-settings=\"{&quot;background_background&quot;:&quot;classic&quot;}\">\n\t\t\t\t\t<div class=\"e-con-inner\">\n\t\t<a class=\"elementor-element elementor-element-eda3773 e-con-full e-flex e-con e-child\" data-id=\"eda3773\" data-element_type=\"container\" data-e-type=\"container\" data-settings=\"{&quot;background_background&quot;:&quot;classic&quot;}\" href=\"https:\/\/cornerhotel.lt\/pl\/scan-kontakt-i-godziny-pracy\/\" target=\"_blank\">\n\t\t\t\t<div class=\"elementor-element elementor-element-3c94654 elementor-widget elementor-widget-heading\" data-id=\"3c94654\" data-element_type=\"widget\" data-e-type=\"widget\" data-widget_type=\"heading.default\">\n\t\t\t\t\t<h2 class=\"elementor-heading-title elementor-size-default\">Kontakt i godziny pracy<\/h2>\t\t\t\t<\/div>\n\t\t\t\t<div class=\"elementor-element elementor-element-d2abeaf elementor-view-default elementor-widget elementor-widget-icon\" data-id=\"d2abeaf\" data-element_type=\"widget\" data-e-type=\"widget\" data-widget_type=\"icon.default\">\n\t\t\t\t\t\t\t<div class=\"elementor-icon-wrapper\">\n\t\t\t<div class=\"elementor-icon elementor-animation-grow\">\n\t\t\t<svg xmlns=\"http:\/\/www.w3.org\/2000\/svg\" id=\"Layer_1\" viewBox=\"0 0 300 300\"><path d=\"M2.59,279.19L246.07,35.71l-210.16-1.47-2-28.23,260.2,1.82,1.82,260.2-28.23-2-1.47-210.16L22.75,299.34l-20.16-20.16Z\"><\/path><\/svg>\t\t\t<\/div>\n\t\t<\/div>\n\t\t\t\t\t\t<\/div>\n\t\t\t\t<\/a>\n\t\t<div class=\"elementor-element elementor-element-b606850 e-con-full e-flex e-con e-child\" data-id=\"b606850\" data-element_type=\"container\" data-e-type=\"container\" data-settings=\"{&quot;background_background&quot;:&quot;classic&quot;}\">\n\t\t<a class=\"elementor-element elementor-element-5e41d3b e-con-full e-flex e-con e-child\" data-id=\"5e41d3b\" data-element_type=\"container\" data-e-type=\"container\" href=\"https:\/\/cornerhotel.lt\/pl\/corner-bistro\/\">\n\t\t\t\t<div class=\"elementor-element elementor-element-76a2ad5 elementor-widget elementor-widget-heading\" data-id=\"76a2ad5\" data-element_type=\"widget\" data-e-type=\"widget\" data-widget_type=\"heading.default\">\n\t\t\t\t\t<h2 class=\"elementor-heading-title elementor-size-default\">Restauracja\n<\/h2>\t\t\t\t<\/div>\n\t\t\t\t<div class=\"elementor-element elementor-element-265ffdc elementor-view-default elementor-widget elementor-widget-icon\" data-id=\"265ffdc\" data-element_type=\"widget\" data-e-type=\"widget\" data-widget_type=\"icon.default\">\n\t\t\t\t\t\t\t<div class=\"elementor-icon-wrapper\">\n\t\t\t<div class=\"elementor-icon elementor-animation-grow\">\n\t\t\t<svg xmlns=\"http:\/\/www.w3.org\/2000\/svg\" id=\"Layer_1\" viewBox=\"0 0 300 300\"><path d=\"M2.59,279.19L246.07,35.71l-210.16-1.47-2-28.23,260.2,1.82,1.82,260.2-28.23-2-1.47-210.16L22.75,299.34l-20.16-20.16Z\"><\/path><\/svg>\t\t\t<\/div>\n\t\t<\/div>\n\t\t\t\t\t\t<\/div>\n\t\t\t\t<\/a>\n\t\t<div class=\"elementor-element elementor-element-2be6c44 e-con-full e-flex e-con e-child\" data-id=\"2be6c44\" data-element_type=\"container\" data-e-type=\"container\">\n\t\t\t\t<div class=\"elementor-element elementor-element-6b27770 elementor-hidden-tablet elementor-hidden-mobile elementor-widget elementor-widget-image\" data-id=\"6b27770\" data-element_type=\"widget\" data-e-type=\"widget\" data-widget_type=\"image.default\">\n\t\t\t\t\t\t\t\t\t\t\t\t\t\t\t<img decoding=\"async\" width=\"1\" height=\"1\" src=\"https:\/\/cornerhotel.lt\/wp-content\/uploads\/2025\/10\/paveiksliukas.svg\" class=\"attachment-large size-large wp-image-2225\" alt=\"\" \/>\t\t\t\t\t\t\t\t\t\t\t\t\t\t\t<\/div>\n\t\t\t\t<\/div>\n\t\t\t\t<\/div>\n\t\t\t\t\t<\/div>\n\t\t\t\t<\/div>\n\t\t<div class=\"elementor-element elementor-element-751b79e e-flex e-con-boxed e-con e-parent\" data-id=\"751b79e\" data-element_type=\"container\" data-e-type=\"container\" data-settings=\"{&quot;background_background&quot;:&quot;classic&quot;}\">\n\t\t\t\t\t<div class=\"e-con-inner\">\n\t\t<div class=\"elementor-element elementor-element-89a8c06 e-con-full e-flex e-con e-child\" data-id=\"89a8c06\" data-element_type=\"container\" data-e-type=\"container\" data-settings=\"{&quot;background_background&quot;:&quot;classic&quot;}\">\n\t\t<a class=\"elementor-element elementor-element-ec1501a e-con-full e-flex e-con e-child\" data-id=\"ec1501a\" data-element_type=\"container\" data-e-type=\"container\" href=\"https:\/\/cornerhotel.lt\/pl\/scan-uslugi-dodatkowe\/\">\n\t\t\t\t<div class=\"elementor-element elementor-element-9eb44df elementor-widget elementor-widget-heading\" data-id=\"9eb44df\" data-element_type=\"widget\" data-e-type=\"widget\" data-widget_type=\"heading.default\">\n\t\t\t\t\t<h2 class=\"elementor-heading-title elementor-size-default\">Us\u0142ugi dodatkowe<\/h2>\t\t\t\t<\/div>\n\t\t\t\t<div class=\"elementor-element elementor-element-349d348 elementor-view-default elementor-widget elementor-widget-icon\" data-id=\"349d348\" data-element_type=\"widget\" data-e-type=\"widget\" data-widget_type=\"icon.default\">\n\t\t\t\t\t\t\t<div class=\"elementor-icon-wrapper\">\n\t\t\t<div class=\"elementor-icon elementor-animation-grow\">\n\t\t\t<svg xmlns=\"http:\/\/www.w3.org\/2000\/svg\" id=\"Layer_1\" viewBox=\"0 0 300 300\"><path d=\"M2.59,279.19L246.07,35.71l-210.16-1.47-2-28.23,260.2,1.82,1.82,260.2-28.23-2-1.47-210.16L22.75,299.34l-20.16-20.16Z\"><\/path><\/svg>\t\t\t<\/div>\n\t\t<\/div>\n\t\t\t\t\t\t<\/div>\n\t\t\t\t<\/a>\n\t\t<div class=\"elementor-element elementor-element-17e1ed7 e-con-full e-flex e-con e-child\" data-id=\"17e1ed7\" data-element_type=\"container\" data-e-type=\"container\">\n\t\t\t\t<div class=\"elementor-element elementor-element-03dee64 elementor-hidden-tablet elementor-hidden-mobile elementor-widget elementor-widget-image\" data-id=\"03dee64\" data-element_type=\"widget\" data-e-type=\"widget\" data-widget_type=\"image.default\">\n\t\t\t\t\t\t\t\t\t\t\t\t\t\t\t<img decoding=\"async\" width=\"1\" height=\"1\" src=\"https:\/\/cornerhotel.lt\/wp-content\/uploads\/2025\/10\/corner-zenkliukas.svg\" class=\"attachment-large size-large wp-image-2260\" alt=\"\" \/>\t\t\t\t\t\t\t\t\t\t\t\t\t\t\t<\/div>\n\t\t\t\t<\/div>\n\t\t\t\t<\/div>\n\t\t<a class=\"elementor-element elementor-element-088050c e-con-full e-flex e-con e-child\" data-id=\"088050c\" data-element_type=\"container\" data-e-type=\"container\" data-settings=\"{&quot;background_background&quot;:&quot;classic&quot;}\" href=\"https:\/\/cornerhotel.lt\/pl\/scan-regulamin-wewnetrzny\/\">\n\t\t\t\t<div class=\"elementor-element elementor-element-09ff54e elementor-widget elementor-widget-heading\" data-id=\"09ff54e\" data-element_type=\"widget\" data-e-type=\"widget\" data-widget_type=\"heading.default\">\n\t\t\t\t\t<h2 class=\"elementor-heading-title elementor-size-default\">Regulamin wewn\u0119trzny<\/h2>\t\t\t\t<\/div>\n\t\t\t\t<div class=\"elementor-element elementor-element-b0ac616 elementor-view-default elementor-widget elementor-widget-icon\" data-id=\"b0ac616\" data-element_type=\"widget\" data-e-type=\"widget\" data-widget_type=\"icon.default\">\n\t\t\t\t\t\t\t<div class=\"elementor-icon-wrapper\">\n\t\t\t<div class=\"elementor-icon elementor-animation-grow\">\n\t\t\t<svg xmlns=\"http:\/\/www.w3.org\/2000\/svg\" id=\"Layer_1\" viewBox=\"0 0 300 300\"><path d=\"M2.59,279.19L246.07,35.71l-210.16-1.47-2-28.23,260.2,1.82,1.82,260.2-28.23-2-1.47-210.16L22.75,299.34l-20.16-20.16Z\"><\/path><\/svg>\t\t\t<\/div>\n\t\t<\/div>\n\t\t\t\t\t\t<\/div>\n\t\t\t\t<\/a>\n\t\t\t\t\t<\/div>\n\t\t\t\t<\/div>\n\t\t<div class=\"elementor-element elementor-element-8eff302 e-flex e-con-boxed e-con e-parent\" data-id=\"8eff302\" data-element_type=\"container\" data-e-type=\"container\" data-settings=\"{&quot;background_background&quot;:&quot;classic&quot;}\">\n\t\t\t\t\t<div class=\"e-con-inner\">\n\t\t<a class=\"elementor-element elementor-element-151a83c e-con-full e-flex e-con e-child\" data-id=\"151a83c\" data-element_type=\"container\" data-e-type=\"container\" data-settings=\"{&quot;background_background&quot;:&quot;classic&quot;}\" href=\"https:\/\/cornerhotel.lt\/pl\/scan-bezpieczenstwo-pozarowe\/\">\n\t\t\t\t<div class=\"elementor-element elementor-element-8fc4f82 elementor-widget elementor-widget-heading\" data-id=\"8fc4f82\" data-element_type=\"widget\" data-e-type=\"widget\" data-widget_type=\"heading.default\">\n\t\t\t\t\t<h2 class=\"elementor-heading-title elementor-size-default\">Instrukcja wymaga\u0144 bezpiecze\u0144stwa po\u017carowego<\/h2>\t\t\t\t<\/div>\n\t\t\t\t<div class=\"elementor-element elementor-element-3d8dcd4 elementor-view-default elementor-widget elementor-widget-icon\" data-id=\"3d8dcd4\" data-element_type=\"widget\" data-e-type=\"widget\" data-widget_type=\"icon.default\">\n\t\t\t\t\t\t\t<div class=\"elementor-icon-wrapper\">\n\t\t\t<div class=\"elementor-icon elementor-animation-grow\">\n\t\t\t<svg xmlns=\"http:\/\/www.w3.org\/2000\/svg\" id=\"Layer_1\" viewBox=\"0 0 300 300\"><path d=\"M2.59,279.19L246.07,35.71l-210.16-1.47-2-28.23,260.2,1.82,1.82,260.2-28.23-2-1.47-210.16L22.75,299.34l-20.16-20.16Z\"><\/path><\/svg>\t\t\t<\/div>\n\t\t<\/div>\n\t\t\t\t\t\t<\/div>\n\t\t\t\t<\/a>\n\t\t<div class=\"elementor-element elementor-element-0a947b7 e-con-full e-flex e-con e-child\" data-id=\"0a947b7\" data-element_type=\"container\" data-e-type=\"container\" data-settings=\"{&quot;background_background&quot;:&quot;classic&quot;}\">\n\t\t<a class=\"elementor-element elementor-element-1f83e25 e-con-full e-flex e-con e-child\" data-id=\"1f83e25\" data-element_type=\"container\" data-e-type=\"container\" href=\"https:\/\/cornerhotel.lt\/pl\/skanuj-zostaw-opinie\/\">\n\t\t\t\t<div class=\"elementor-element elementor-element-1cccdc1 elementor-widget elementor-widget-heading\" data-id=\"1cccdc1\" data-element_type=\"widget\" data-e-type=\"widget\" data-widget_type=\"heading.default\">\n\t\t\t\t\t<h2 class=\"elementor-heading-title elementor-size-default\">Zostaw opini\u0119<\/h2>\t\t\t\t<\/div>\n\t\t\t\t<div class=\"elementor-element elementor-element-591e1cb elementor-view-default elementor-widget elementor-widget-icon\" data-id=\"591e1cb\" data-element_type=\"widget\" data-e-type=\"widget\" data-widget_type=\"icon.default\">\n\t\t\t\t\t\t\t<div class=\"elementor-icon-wrapper\">\n\t\t\t<div class=\"elementor-icon elementor-animation-grow\">\n\t\t\t<svg xmlns=\"http:\/\/www.w3.org\/2000\/svg\" id=\"Layer_1\" viewBox=\"0 0 300 300\"><path d=\"M2.59,279.19L246.07,35.71l-210.16-1.47-2-28.23,260.2,1.82,1.82,260.2-28.23-2-1.47-210.16L22.75,299.34l-20.16-20.16Z\"><\/path><\/svg>\t\t\t<\/div>\n\t\t<\/div>\n\t\t\t\t\t\t<\/div>\n\t\t\t\t<\/a>\n\t\t<div class=\"elementor-element elementor-element-d2095b2 e-con-full e-flex e-con e-child\" data-id=\"d2095b2\" data-element_type=\"container\" data-e-type=\"container\">\n\t\t\t\t<div class=\"elementor-element elementor-element-b9a5ba6 elementor-hidden-tablet elementor-hidden-mobile elementor-widget elementor-widget-image\" data-id=\"b9a5ba6\" data-element_type=\"widget\" data-e-type=\"widget\" data-widget_type=\"image.default\">\n\t\t\t\t\t\t\t\t\t\t\t\t\t\t\t<img decoding=\"async\" width=\"1\" height=\"1\" src=\"https:\/\/cornerhotel.lt\/wp-content\/uploads\/2025\/10\/zvaigzdes.svg\" class=\"attachment-large size-large wp-image-2267\" alt=\"\" \/>\t\t\t\t\t\t\t\t\t\t\t\t\t\t\t<\/div>\n\t\t\t\t<\/div>\n\t\t\t\t<\/div>\n\t\t\t\t\t<\/div>\n\t\t\t\t<\/div>\n\t\t\t\t<\/div>\n\t\t","protected":false},"excerpt":{"rendered":"<p>Kontakt i godziny pracy Restauracja Us\u0142ugi dodatkowe Regulamin wewn\u0119trzny Instrukcja wymaga\u0144 bezpiecze\u0144stwa po\u017carowego Zostaw opini\u0119<\/p>\n","protected":false},"author":1,"featured_media":0,"parent":0,"menu_order":0,"comment_status":"closed","ping_status":"closed","template":"","meta":{"footnotes":""},"class_list":["post-2355","page","type-page","status-publish","hentry"],"_links":{"self":[{"href":"https:\/\/cornerhotel.lt\/pl\/wp-json\/wp\/v2\/pages\/2355","targetHints":{"allow":["GET"]}}],"collection":[{"href":"https:\/\/cornerhotel.lt\/pl\/wp-json\/wp\/v2\/pages"}],"about":[{"href":"https:\/\/cornerhotel.lt\/pl\/wp-json\/wp\/v2\/types\/page"}],"author":[{"embeddable":true,"href":"https:\/\/cornerhotel.lt\/pl\/wp-json\/wp\/v2\/users\/1"}],"replies":[{"embeddable":true,"href":"https:\/\/cornerhotel.lt\/pl\/wp-json\/wp\/v2\/comments?post=2355"}],"version-history":[{"count":1,"href":"https:\/\/cornerhotel.lt\/pl\/wp-json\/wp\/v2\/pages\/2355\/revisions"}],"predecessor-version":[{"id":2356,"href":"https:\/\/cornerhotel.lt\/pl\/wp-json\/wp\/v2\/pages\/2355\/revisions\/2356"}],"wp:attachment":[{"href":"https:\/\/cornerhotel.lt\/pl\/wp-json\/wp\/v2\/media?parent=2355"}],"curies":[{"name":"wp","href":"https:\/\/api.w.org\/{rel}","templated":true}]}}