{"id":2361,"date":"2025-10-07T18:47:30","date_gmt":"2025-10-07T18:47:30","guid":{"rendered":"https:\/\/cornerhotel.lt\/scan-kontakt-i-godziny-pracy\/"},"modified":"2025-10-13T19:08:47","modified_gmt":"2025-10-13T19:08:47","slug":"scan-kontakt-i-godziny-pracy","status":"publish","type":"page","link":"https:\/\/cornerhotel.lt\/pl\/scan-kontakt-i-godziny-pracy\/","title":{"rendered":"SCAN &#8211; Kontakt i godziny pracy"},"content":{"rendered":"\t\t<div data-elementor-type=\"wp-page\" data-elementor-id=\"2361\" class=\"elementor elementor-2361 elementor-2291\" data-elementor-post-type=\"page\">\n\t\t\t\t<div class=\"elementor-element elementor-element-35e45dd e-flex e-con-boxed e-con e-parent\" data-id=\"35e45dd\" data-element_type=\"container\" data-e-type=\"container\">\n\t\t\t\t\t<div class=\"e-con-inner\">\n\t\t\t\t<div class=\"elementor-element elementor-element-88df55d elementor-widget elementor-widget-heading\" data-id=\"88df55d\" data-element_type=\"widget\" data-e-type=\"widget\" data-widget_type=\"heading.default\">\n\t\t\t\t\t<h2 class=\"elementor-heading-title elementor-size-default\">Kontakt i godziny pracy<\/h2>\t\t\t\t<\/div>\n\t\t\t\t\t<\/div>\n\t\t\t\t<\/div>\n\t\t<div class=\"elementor-element elementor-element-be80c85 e-flex e-con-boxed e-con e-parent\" data-id=\"be80c85\" data-element_type=\"container\" data-e-type=\"container\">\n\t\t\t\t\t<div class=\"e-con-inner\">\n\t\t\t\t<div class=\"elementor-element elementor-element-95eb7be elementor-widget elementor-widget-text-editor\" data-id=\"95eb7be\" data-element_type=\"widget\" data-e-type=\"widget\" data-widget_type=\"text-editor.default\">\n\t\t\t\t\t\t\t\t\t<p style=\"font-weight: 400;\"><strong>ZAMELDOWANIE I WYMELDOWANIE<\/strong><\/p><p style=\"font-weight: 400;\">Recepcja: 24\/7<\/p><p style=\"font-weight: 400;\">W hotelu mo\u017cna si\u0119 zameldowa\u0107 od godziny 14:00, a wymeldowa\u0107 do godziny 12:00.<\/p><p style=\"font-weight: 400;\">P\u00f3\u017ane wymeldowanie &#8211; za dodatkow\u0105 op\u0142at\u0105.<\/p><p style=\"font-weight: 400;\">Corner Hotel szanuje prywatno\u015b\u0107 Go\u015bci i os\u00f3b zainteresowanych oraz jest zdecydowany j\u0105 chroni\u0107, \u015bwiadcz\u0105c us\u0142ugi zakwaterowania, uczciwie i zgodnie z prawem przetwarza\u0107 i chroni\u0107 dane podane podczas rejestracji.<\/p><p style=\"font-weight: 400;\"><strong><br>REZERWACJA I INFORMACJA<\/strong><\/p><p>Hotel:<br>\n  <a href=\"tel:+37052102361\">+370 5 210 2361<\/a>\n  <br>\n    <a href=\"mailto:info@cornerhotel.lt\">info@cornerhotel.lt<\/a>\n  \n<\/p><p style=\"font-weight: 400;\">\u200b\u200b<\/p><p style=\"font-weight: 400;\"><strong>RESTAURACJA<\/strong><\/p><p style=\"font-weight: 400;\">\u015aniadania: <br>Pn\u2013Pt 07:00\u201310:00<br>Sb\u2013Nd 08:00\u201311:00<\/p><p style=\"font-weight: 400;\">Obiady:<br>Pn\u2013Pt 11:30\u201314:30<\/p><p style=\"font-weight: 400;\"><a href=\"mailto:restoranas@cornerhotel.lt\">restauracja@cornerhotel.lt<\/a> <\/p>\t\t\t\t\t\t\t\t<\/div>\n\t\t\t\t\t<\/div>\n\t\t\t\t<\/div>\n\t\t\t\t<\/div>\n\t\t","protected":false},"excerpt":{"rendered":"<p>Kontakt i godziny pracy ZAMELDOWANIE I WYMELDOWANIE Recepcja: 24\/7 W hotelu mo\u017cna si\u0119 zameldowa\u0107 od godziny 14:00, a wymeldowa\u0107 do godziny 12:00. P\u00f3\u017ane wymeldowanie &#8211; za dodatkow\u0105 op\u0142at\u0105. Corner Hotel szanuje prywatno\u015b\u0107 Go\u015bci i os\u00f3b zainteresowanych oraz jest zdecydowany j\u0105 chroni\u0107, \u015bwiadcz\u0105c us\u0142ugi zakwaterowania, uczciwie i zgodnie z prawem przetwarza\u0107 i chroni\u0107 dane podane podczas [&hellip;]<\/p>\n","protected":false},"author":1,"featured_media":0,"parent":0,"menu_order":0,"comment_status":"closed","ping_status":"closed","template":"","meta":{"footnotes":""},"class_list":["post-2361","page","type-page","status-publish","hentry"],"_links":{"self":[{"href":"https:\/\/cornerhotel.lt\/pl\/wp-json\/wp\/v2\/pages\/2361","targetHints":{"allow":["GET"]}}],"collection":[{"href":"https:\/\/cornerhotel.lt\/pl\/wp-json\/wp\/v2\/pages"}],"about":[{"href":"https:\/\/cornerhotel.lt\/pl\/wp-json\/wp\/v2\/types\/page"}],"author":[{"embeddable":true,"href":"https:\/\/cornerhotel.lt\/pl\/wp-json\/wp\/v2\/users\/1"}],"replies":[{"embeddable":true,"href":"https:\/\/cornerhotel.lt\/pl\/wp-json\/wp\/v2\/comments?post=2361"}],"version-history":[{"count":2,"href":"https:\/\/cornerhotel.lt\/pl\/wp-json\/wp\/v2\/pages\/2361\/revisions"}],"predecessor-version":[{"id":2408,"href":"https:\/\/cornerhotel.lt\/pl\/wp-json\/wp\/v2\/pages\/2361\/revisions\/2408"}],"wp:attachment":[{"href":"https:\/\/cornerhotel.lt\/pl\/wp-json\/wp\/v2\/media?parent=2361"}],"curies":[{"name":"wp","href":"https:\/\/api.w.org\/{rel}","templated":true}]}}