{"id":2367,"date":"2025-10-09T17:06:45","date_gmt":"2025-10-09T17:06:45","guid":{"rendered":"https:\/\/cornerhotel.lt\/scan-bezpieczenstwo-pozarowe\/"},"modified":"2025-10-09T17:55:58","modified_gmt":"2025-10-09T17:55:58","slug":"scan-bezpieczenstwo-pozarowe","status":"publish","type":"page","link":"https:\/\/cornerhotel.lt\/pl\/scan-bezpieczenstwo-pozarowe\/","title":{"rendered":"SCAN &#8211; Bezpiecze\u0144stwo po\u017carowe"},"content":{"rendered":"\t\t<div data-elementor-type=\"wp-page\" data-elementor-id=\"2367\" class=\"elementor elementor-2367 elementor-2312\" data-elementor-post-type=\"page\">\n\t\t\t\t<div class=\"elementor-element elementor-element-35e45dd e-flex e-con-boxed e-con e-parent\" data-id=\"35e45dd\" data-element_type=\"container\" data-e-type=\"container\">\n\t\t\t\t\t<div class=\"e-con-inner\">\n\t\t\t\t<div class=\"elementor-element elementor-element-88df55d elementor-widget elementor-widget-heading\" data-id=\"88df55d\" data-element_type=\"widget\" data-e-type=\"widget\" data-widget_type=\"heading.default\">\n\t\t\t\t\t<h2 class=\"elementor-heading-title elementor-size-default\">NOTATKA O WYMOGACH BEZPIECZE\u0143STWA PO\u017bAROWEGO<\/h2>\t\t\t\t<\/div>\n\t\t\t\t\t<\/div>\n\t\t\t\t<\/div>\n\t\t<div class=\"elementor-element elementor-element-be80c85 e-flex e-con-boxed e-con e-parent\" data-id=\"be80c85\" data-element_type=\"container\" data-e-type=\"container\">\n\t\t\t\t\t<div class=\"e-con-inner\">\n\t\t\t\t<div class=\"elementor-element elementor-element-95eb7be elementor-widget elementor-widget-text-editor\" data-id=\"95eb7be\" data-element_type=\"widget\" data-e-type=\"widget\" data-widget_type=\"text-editor.default\">\n\t\t\t\t\t\t\t\t\t<p style=\"font-weight: 400;\">Szanowni Go\u015bcie!<\/p><p style=\"font-weight: 400;\">Prosimy o przestrzeganie zasad bezpiecze\u0144stwa po\u017carowego:<\/p><ol style=\"font-weight: 400;\"><li>Nie zostawiajcie w\u0142\u0105czonych w pokoju urz\u0105dze\u0144 grzewczych, czajnik\u00f3w, \u017celazek, podgrzewaczy wody.<\/li><li>Wychodz\u0105c z pokoju, wy\u0142\u0105czcie telewizor i o\u015bwietlenie.<\/li><li>Przypominamy, \u017ce niebezpieczne jest przykrywanie lamp stoj\u0105cych i biurkowych materia\u0142ami \u0142atwopalnymi.<\/li><li>Palenie jest zabronione we wszystkich pomieszczeniach.<\/li><li>Pali\u0107 mo\u017cna tylko w wyznaczonych miejscach na zewn\u0105trz.<\/li><li>Papierosy i niedopa\u0142ki nale\u017cy wyrzuca\u0107 wy\u0142\u0105cznie do przeznaczonych na to pojemnik\u00f3w.<\/li><li>Nie wno\u015bcie do pokoju i nie przechowujcie w nim materia\u0142\u00f3w mog\u0105cych spowodowa\u0107 po\u017car.<\/li><\/ol><p> <\/p><p style=\"font-weight: 400;\">W przypadku po\u017caru w Pa\u0144stwa pokoju:<\/p><ol><li style=\"font-weight: 400;\">Niezw\u0142ocznie zg\u0142o\u015bcie to pod numerem alarmowym 112.<\/li><li>Je\u015bli nie mo\u017cecie samodzielnie ugasi\u0107 ognia, opu\u015b\u0107cie pok\u00f3j i zamknijcie drzwi, ale ich nie zamykajcie na klucz.<\/li><li>Koniecznie zg\u0142o\u015bcie po\u017car pracownikowi administracji.<\/li><li>Opu\u015b\u0107cie stref\u0119 zagro\u017cenia i post\u0119pujcie zgodnie z instrukcjami administracji lub stra\u017cak\u00f3w.<\/li><\/ol><p> <\/p><p style=\"font-weight: 400;\">W przypadku po\u017caru nie w Pa\u0144stwa pokoju:<\/p><ol style=\"font-weight: 400;\"><li>Niezw\u0142ocznie zg\u0142o\u015bcie to pod numerem alarmowym 112.<\/li><li>Opu\u015b\u0107cie sw\u00f3j pok\u00f3j dopiero po zamkni\u0119ciu okien i drzwi.<\/li><li>Je\u015bli korytarze i klatki schodowe s\u0105 zadymione i nie mo\u017cna opu\u015bci\u0107 pomieszcze\u0144, pozosta\u0144cie w swoim pokoju i szeroko otw\u00f3rzcie okna.<\/li><li>Szczelnie zamkni\u0119te drzwi mog\u0105 d\u0142ugo chroni\u0107 przed niebezpieczn\u0105 temperatur\u0105 i dymem.<\/li><li>Aby unikn\u0105\u0107 zatrucia dymem, zakryjcie szczeliny i kana\u0142y wentylacyjne r\u0119cznikami lub po\u015bciel\u0105 zwil\u017conymi wod\u0105, a pod numerem telefonu +370 5 210 2361 zg\u0142o\u015bcie administracji numer pokoju lub miejsce pobytu.<\/li><li>Po przybyciu stra\u017cak\u00f3w na miejsce, podejd\u017acie do okna i wo\u0142ajcie o pomoc.<\/li><\/ol><p style=\"font-weight: 400;\">\u200b<\/p><p style=\"font-weight: 400;\">Administracja<\/p>\t\t\t\t\t\t\t\t<\/div>\n\t\t\t\t\t<\/div>\n\t\t\t\t<\/div>\n\t\t\t\t<\/div>\n\t\t","protected":false},"excerpt":{"rendered":"<p>NOTATKA O WYMOGACH BEZPIECZE\u0143STWA PO\u017bAROWEGO Szanowni Go\u015bcie! Prosimy o przestrzeganie zasad bezpiecze\u0144stwa po\u017carowego: Nie zostawiajcie w\u0142\u0105czonych w pokoju urz\u0105dze\u0144 grzewczych, czajnik\u00f3w, \u017celazek, podgrzewaczy wody. Wychodz\u0105c z pokoju, wy\u0142\u0105czcie telewizor i o\u015bwietlenie. Przypominamy, \u017ce niebezpieczne jest przykrywanie lamp stoj\u0105cych i biurkowych materia\u0142ami \u0142atwopalnymi. Palenie jest zabronione we wszystkich pomieszczeniach. Pali\u0107 mo\u017cna tylko w wyznaczonych miejscach na [&hellip;]<\/p>\n","protected":false},"author":1,"featured_media":0,"parent":0,"menu_order":0,"comment_status":"closed","ping_status":"closed","template":"","meta":{"footnotes":""},"class_list":["post-2367","page","type-page","status-publish","hentry"],"_links":{"self":[{"href":"https:\/\/cornerhotel.lt\/pl\/wp-json\/wp\/v2\/pages\/2367","targetHints":{"allow":["GET"]}}],"collection":[{"href":"https:\/\/cornerhotel.lt\/pl\/wp-json\/wp\/v2\/pages"}],"about":[{"href":"https:\/\/cornerhotel.lt\/pl\/wp-json\/wp\/v2\/types\/page"}],"author":[{"embeddable":true,"href":"https:\/\/cornerhotel.lt\/pl\/wp-json\/wp\/v2\/users\/1"}],"replies":[{"embeddable":true,"href":"https:\/\/cornerhotel.lt\/pl\/wp-json\/wp\/v2\/comments?post=2367"}],"version-history":[{"count":1,"href":"https:\/\/cornerhotel.lt\/pl\/wp-json\/wp\/v2\/pages\/2367\/revisions"}],"predecessor-version":[{"id":2368,"href":"https:\/\/cornerhotel.lt\/pl\/wp-json\/wp\/v2\/pages\/2367\/revisions\/2368"}],"wp:attachment":[{"href":"https:\/\/cornerhotel.lt\/pl\/wp-json\/wp\/v2\/media?parent=2367"}],"curies":[{"name":"wp","href":"https:\/\/api.w.org\/{rel}","templated":true}]}}