{"id":2373,"date":"2025-10-09T17:11:13","date_gmt":"2025-10-09T17:11:13","guid":{"rendered":"https:\/\/cornerhotel.lt\/scan-uslugi-dodatkowe\/"},"modified":"2025-10-13T19:09:33","modified_gmt":"2025-10-13T19:09:33","slug":"scan-uslugi-dodatkowe","status":"publish","type":"page","link":"https:\/\/cornerhotel.lt\/pl\/scan-uslugi-dodatkowe\/","title":{"rendered":"SCAN &#8211; Us\u0142ugi dodatkowe"},"content":{"rendered":"\t\t<div data-elementor-type=\"wp-page\" data-elementor-id=\"2373\" class=\"elementor elementor-2373 elementor-2321\" data-elementor-post-type=\"page\">\n\t\t\t\t<div class=\"elementor-element elementor-element-35e45dd e-flex e-con-boxed e-con e-parent\" data-id=\"35e45dd\" data-element_type=\"container\" data-e-type=\"container\">\n\t\t\t\t\t<div class=\"e-con-inner\">\n\t\t\t\t<div class=\"elementor-element elementor-element-88df55d elementor-widget elementor-widget-heading\" data-id=\"88df55d\" data-element_type=\"widget\" data-e-type=\"widget\" data-widget_type=\"heading.default\">\n\t\t\t\t\t<h2 class=\"elementor-heading-title elementor-size-default\">US\u0141UGI DODATKOWE<\/h2>\t\t\t\t<\/div>\n\t\t\t\t\t<\/div>\n\t\t\t\t<\/div>\n\t\t<div class=\"elementor-element elementor-element-be80c85 e-flex e-con-boxed e-con e-parent\" data-id=\"be80c85\" data-element_type=\"container\" data-e-type=\"container\">\n\t\t\t\t\t<div class=\"e-con-inner\">\n\t\t\t\t<div class=\"elementor-element elementor-element-95eb7be elementor-widget elementor-widget-text-editor\" data-id=\"95eb7be\" data-element_type=\"widget\" data-e-type=\"widget\" data-widget_type=\"text-editor.default\">\n\t\t\t\t\t\t\t\t\t<p style=\"font-weight: 400;\">&#8211; Wi-Fi<\/p>\n<p style=\"font-weight: 400;\"><span style=\"text-align: var(--text-align);\">&#8211; Us\u0142uga budzenia<\/span><br><\/p>\n<p style=\"font-weight: 400;\">&#8211; Us\u0142uga drukowania \/ kopiowania*<\/p>\n<p style=\"font-weight: 400;\">&#8211; Parasol<\/p>\n<p style=\"font-weight: 400;\">&#8211; Adapter uniwersalny<\/p>\n<p style=\"font-weight: 400;\">&#8211; \u0141adowarka uniwersalna<\/p>\n<p style=\"font-weight: 400;\">&#8211; Czajnik<\/p>\n<p style=\"font-weight: 400;\">&#8211; Dodatkowa poduszka<\/p>\n<p style=\"font-weight: 400;\">&#8211; Sejf<\/p>\n<p style=\"font-weight: 400;\">&#8211; \u017belazko<\/p>\n<p style=\"font-weight: 400;\">&#8211; Zam\u00f3wienie taks\u00f3wki*<\/p>\n<p style=\"font-weight: 400;\">&#8211; Us\u0142ugi przechowywania baga\u017cu<\/p>\n<p style=\"font-weight: 400;\">&#8211; \u015arodki higieniczne*<\/p>\n<p style=\"font-weight: 400;\">&#8211; Us\u0142ugi prania \/ czyszczenia*<\/p>\n<p style=\"font-weight: 400;\">&#8211; Pralnia samoobs\u0142ugowa*<\/p>\n<p style=\"font-weight: 400;\">Hotel nie ponosi odpowiedzialno\u015bci za pozostawione lub uszkodzone przedmioty.<\/p>\n<p style=\"font-weight: 400;\">*Us\u0142ugi \u015bwiadczone za dodatkow\u0105 op\u0142at\u0105.<\/p><p style=\"font-weight: 400;\"><br><\/p>\n<p style=\"font-weight: 400;\">Has\u0142o Wi-Fi \u2013 cornerhotel16<\/p>\n<p style=\"font-weight: 400;\">\n<\/p>\t\t\t\t\t\t\t\t<\/div>\n\t\t\t\t\t<\/div>\n\t\t\t\t<\/div>\n\t\t\t\t<\/div>\n\t\t","protected":false},"excerpt":{"rendered":"<p>US\u0141UGI DODATKOWE &#8211; Wi-Fi &#8211; Us\u0142uga budzenia &#8211; Us\u0142uga drukowania \/ kopiowania* &#8211; Parasol &#8211; Adapter uniwersalny &#8211; \u0141adowarka uniwersalna &#8211; Czajnik &#8211; Dodatkowa poduszka &#8211; Sejf &#8211; \u017belazko &#8211; Zam\u00f3wienie taks\u00f3wki* &#8211; Us\u0142ugi przechowywania baga\u017cu &#8211; \u015arodki higieniczne* &#8211; Us\u0142ugi prania \/ czyszczenia* &#8211; Pralnia samoobs\u0142ugowa* Hotel nie ponosi odpowiedzialno\u015bci za pozostawione lub uszkodzone [&hellip;]<\/p>\n","protected":false},"author":1,"featured_media":0,"parent":0,"menu_order":0,"comment_status":"closed","ping_status":"closed","template":"","meta":{"footnotes":""},"class_list":["post-2373","page","type-page","status-publish","hentry"],"_links":{"self":[{"href":"https:\/\/cornerhotel.lt\/pl\/wp-json\/wp\/v2\/pages\/2373","targetHints":{"allow":["GET"]}}],"collection":[{"href":"https:\/\/cornerhotel.lt\/pl\/wp-json\/wp\/v2\/pages"}],"about":[{"href":"https:\/\/cornerhotel.lt\/pl\/wp-json\/wp\/v2\/types\/page"}],"author":[{"embeddable":true,"href":"https:\/\/cornerhotel.lt\/pl\/wp-json\/wp\/v2\/users\/1"}],"replies":[{"embeddable":true,"href":"https:\/\/cornerhotel.lt\/pl\/wp-json\/wp\/v2\/comments?post=2373"}],"version-history":[{"count":2,"href":"https:\/\/cornerhotel.lt\/pl\/wp-json\/wp\/v2\/pages\/2373\/revisions"}],"predecessor-version":[{"id":2411,"href":"https:\/\/cornerhotel.lt\/pl\/wp-json\/wp\/v2\/pages\/2373\/revisions\/2411"}],"wp:attachment":[{"href":"https:\/\/cornerhotel.lt\/pl\/wp-json\/wp\/v2\/media?parent=2373"}],"curies":[{"name":"wp","href":"https:\/\/api.w.org\/{rel}","templated":true}]}}