{"id":2379,"date":"2025-10-09T17:09:19","date_gmt":"2025-10-09T17:09:19","guid":{"rendered":"https:\/\/cornerhotel.lt\/skanuj-zostaw-opinie\/"},"modified":"2025-10-09T18:00:51","modified_gmt":"2025-10-09T18:00:51","slug":"skanuj-zostaw-opinie","status":"publish","type":"page","link":"https:\/\/cornerhotel.lt\/pl\/skanuj-zostaw-opinie\/","title":{"rendered":"SKANUJ \u2013 Zostaw opini\u0119"},"content":{"rendered":"\t\t<div data-elementor-type=\"wp-page\" data-elementor-id=\"2379\" class=\"elementor elementor-2379 elementor-2311\" data-elementor-post-type=\"page\">\n\t\t\t\t<div class=\"elementor-element elementor-element-35e45dd e-flex e-con-boxed e-con e-parent\" data-id=\"35e45dd\" data-element_type=\"container\" data-e-type=\"container\">\n\t\t\t\t\t<div class=\"e-con-inner\">\n\t\t\t\t<div class=\"elementor-element elementor-element-88df55d elementor-widget elementor-widget-heading\" data-id=\"88df55d\" data-element_type=\"widget\" data-e-type=\"widget\" data-widget_type=\"heading.default\">\n\t\t\t\t\t<h2 class=\"elementor-heading-title elementor-size-default\">ZOSTAW OPINI\u0118<\/h2>\t\t\t\t<\/div>\n\t\t\t\t\t<\/div>\n\t\t\t\t<\/div>\n\t\t<div class=\"elementor-element elementor-element-be80c85 e-flex e-con-boxed e-con e-parent\" data-id=\"be80c85\" data-element_type=\"container\" data-e-type=\"container\">\n\t\t\t\t\t<div class=\"e-con-inner\">\n\t\t\t\t<div class=\"elementor-element elementor-element-95eb7be elementor-widget elementor-widget-text-editor\" data-id=\"95eb7be\" data-element_type=\"widget\" data-e-type=\"widget\" data-widget_type=\"text-editor.default\">\n\t\t\t\t\t\t\t\t\t<p style=\"font-weight: 400;\">Dzi\u0119kujemy, \u017ce s\u0105 Pa\u0144stwo z nami!<\/p><p style=\"font-weight: 400;\">Pa\u0144stwa opinia jest dla nas bardzo wa\u017cna, poniewa\u017c bez niej nie wiemy, jak uczyni\u0107 Pa\u0144stwa pobyt jeszcze wygodniejszym.<\/p><p style=\"font-weight: 400;\"> <\/p><p style=\"font-weight: 400;\">Link do ankiety: <a href=\"https:\/\/manoapklausa.lt\/tk\/1841838600\/\">https:\/\/manoapklausa.lt\/tk\/1841838600\/<\/a><\/p>\t\t\t\t\t\t\t\t<\/div>\n\t\t\t\t\t<\/div>\n\t\t\t\t<\/div>\n\t\t\t\t<\/div>\n\t\t","protected":false},"excerpt":{"rendered":"<p>ZOSTAW OPINI\u0118 Dzi\u0119kujemy, \u017ce s\u0105 Pa\u0144stwo z nami! Pa\u0144stwa opinia jest dla nas bardzo wa\u017cna, poniewa\u017c bez niej nie wiemy, jak uczyni\u0107 Pa\u0144stwa pobyt jeszcze wygodniejszym. Link do ankiety: https:\/\/manoapklausa.lt\/tk\/1841838600\/<\/p>\n","protected":false},"author":1,"featured_media":0,"parent":0,"menu_order":0,"comment_status":"closed","ping_status":"closed","template":"","meta":{"footnotes":""},"class_list":["post-2379","page","type-page","status-publish","hentry"],"_links":{"self":[{"href":"https:\/\/cornerhotel.lt\/pl\/wp-json\/wp\/v2\/pages\/2379","targetHints":{"allow":["GET"]}}],"collection":[{"href":"https:\/\/cornerhotel.lt\/pl\/wp-json\/wp\/v2\/pages"}],"about":[{"href":"https:\/\/cornerhotel.lt\/pl\/wp-json\/wp\/v2\/types\/page"}],"author":[{"embeddable":true,"href":"https:\/\/cornerhotel.lt\/pl\/wp-json\/wp\/v2\/users\/1"}],"replies":[{"embeddable":true,"href":"https:\/\/cornerhotel.lt\/pl\/wp-json\/wp\/v2\/comments?post=2379"}],"version-history":[{"count":1,"href":"https:\/\/cornerhotel.lt\/pl\/wp-json\/wp\/v2\/pages\/2379\/revisions"}],"predecessor-version":[{"id":2380,"href":"https:\/\/cornerhotel.lt\/pl\/wp-json\/wp\/v2\/pages\/2379\/revisions\/2380"}],"wp:attachment":[{"href":"https:\/\/cornerhotel.lt\/pl\/wp-json\/wp\/v2\/media?parent=2379"}],"curies":[{"name":"wp","href":"https:\/\/api.w.org\/{rel}","templated":true}]}}