{"id":2390,"date":"2025-10-09T17:12:47","date_gmt":"2025-10-09T17:12:47","guid":{"rendered":"https:\/\/cornerhotel.lt\/scan-regulamin-wewnetrzny\/"},"modified":"2025-10-13T19:12:20","modified_gmt":"2025-10-13T19:12:20","slug":"scan-regulamin-wewnetrzny","status":"publish","type":"page","link":"https:\/\/cornerhotel.lt\/pl\/scan-regulamin-wewnetrzny\/","title":{"rendered":"SCAN &#8211; Regulamin wewn\u0119trzny"},"content":{"rendered":"\t\t<div data-elementor-type=\"wp-page\" data-elementor-id=\"2390\" class=\"elementor elementor-2390 elementor-2326\" data-elementor-post-type=\"page\">\n\t\t\t\t<div class=\"elementor-element elementor-element-35e45dd e-flex e-con-boxed e-con e-parent\" data-id=\"35e45dd\" data-element_type=\"container\" data-e-type=\"container\">\n\t\t\t\t\t<div class=\"e-con-inner\">\n\t\t\t\t<div class=\"elementor-element elementor-element-88df55d elementor-widget elementor-widget-heading\" data-id=\"88df55d\" data-element_type=\"widget\" data-e-type=\"widget\" data-widget_type=\"heading.default\">\n\t\t\t\t\t<h2 class=\"elementor-heading-title elementor-size-default\">regulamin wewn\u0119trzny<\/h2>\t\t\t\t<\/div>\n\t\t\t\t\t<\/div>\n\t\t\t\t<\/div>\n\t\t<div class=\"elementor-element elementor-element-be80c85 e-flex e-con-boxed e-con e-parent\" data-id=\"be80c85\" data-element_type=\"container\" data-e-type=\"container\">\n\t\t\t\t\t<div class=\"e-con-inner\">\n\t\t\t\t<div class=\"elementor-element elementor-element-95eb7be elementor-widget elementor-widget-text-editor\" data-id=\"95eb7be\" data-element_type=\"widget\" data-e-type=\"widget\" data-widget_type=\"text-editor.default\">\n\t\t\t\t\t\t\t\t\t<p style=\"font-weight: 400;\">Niniejszy regulamin jest obowi\u0105zkowy dla wszystkich Go\u015bci hotelu Corner, niezale\u017cnie od ich wieku.<\/p><ul><li style=\"font-weight: 400;\">Ceny us\u0142ug s\u0105 publikowane na stronie internetowej <a href=\"http:\/\/www.cornerhotel.lt\/\">www.cornerhotel.lt<\/a>. Hotel ma prawo zmieni\u0107 list\u0119 dost\u0119pnych us\u0142ug lub ich ceny bez wcze\u015bniejszego powiadomienia. <\/li><li style=\"font-weight: 400;\">Osoby fizyczne mog\u0105 p\u0142aci\u0107 got\u00f3wk\u0105 (EUR) lub bankowymi kartami kredytowymi. W celu wystawienia faktury prosimy o poinformowanie recepcji hotelu podczas zameldowania. <\/li><li style=\"font-weight: 400;\">Podczas zameldowania, wype\u0142niaj\u0105c i podpisuj\u0105c kart\u0119 rejestracyjn\u0105, Go\u015b\u0107 jest zobowi\u0105zany przedstawi\u0107 dokument to\u017csamo\u015bci.<\/li><li style=\"font-weight: 400;\">Podczas zameldowania hotel prosi o podanie karty kredytowej i blokuje kaucj\u0119, kt\u00f3ra jest zwracana Go\u015bciowi po jego wyje\u017adzie. Je\u015bli nie ma mo\u017cliwo\u015bci tego zrobi\u0107, Go\u015b\u0107 jest zobowi\u0105zany ui\u015bci\u0107 ustalon\u0105 przez hotel kwot\u0119 got\u00f3wk\u0105, kt\u00f3ra zostanie zwr\u00f3cona Go\u015bciowi przy wyje\u017adzie. Z tej op\u0142aty potr\u0105cane s\u0105 i nie podlegaj\u0105 zwrotowi kary za palenie, szkody wyrz\u0105dzone wyposa\u017ceniu hotelu lub inne straty poniesione przez hotel.  <\/li><li style=\"font-weight: 400;\">W pokoju hotelowym mog\u0105 przebywa\u0107 i nocowa\u0107 wy\u0142\u0105cznie osoby zameldowane i op\u0142acone.<\/li><li style=\"font-weight: 400;\">Przyjazd Go\u015bci indywidualnych do hotelu od godziny 14:00, wyjazd do godziny 12:00 (wyjazd grup do godziny 11:00).<\/li><li style=\"font-weight: 400;\">Pe\u0142n\u0105 odpowiedzialno\u015b\u0107 za zdrowie, bezpiecze\u0144stwo, w\u0142a\u015bciwe zachowanie oraz przestrzeganie niniejszego regulaminu przez dzieci do lat 16 oraz osoby niepe\u0142nosprawne przebywaj\u0105ce w hotelu ponosz\u0105 rodzice lub pe\u0142noletni opiekunowie. <\/li><li style=\"font-weight: 400;\">Dla Pa\u0144stwa bezpiecze\u0144stwa w pomieszczeniach og\u00f3lnodost\u0119pnych hotelu zainstalowano kamery monitoringu.<\/li><li style=\"font-weight: 400;\">Dla Pa\u0144stwa spokoju prosimy o pozostawienie warto\u015bciowych przedmiot\u00f3w w sejfie hotelowym, znajduj\u0105cym si\u0119 w recepcji. Hotel nie odpowiada za przedmioty pozostawione przez Go\u015bci. <\/li><li style=\"font-weight: 400;\">Za wyrz\u0105dzone szkody (oceniane przez administracj\u0119 hotelu) przewidziana jest odpowiedzialno\u015b\u0107 materialna.<\/li><li style=\"font-weight: 400;\">Za celowe wywo\u0142anie zagro\u017cenia po\u017carowego \u2013 naci\u015bni\u0119cie przycisku, demonta\u017c lub uszkodzenie czujnik\u00f3w przeciwpo\u017carowych \u2013 kara wynosi 200 EUR.<\/li><li style=\"font-weight: 400;\">Dla Pa\u0144stwa komfortu uprzejmie prosimy o zg\u0142aszanie wszelkich usterek technicznych lub uszkodze\u0144 wyposa\u017cenia w recepcji hotelu, a braki zostan\u0105 niezw\u0142ocznie usuni\u0119te.<\/li><li style=\"font-weight: 400;\">Hotel Corner to strefa dla niepal\u0105cych. Uprzejmie prosimy o palenie wy\u0142\u0105cznie w wyznaczonych miejscach. Palenie w pokojach lub przy otwartych oknach jest zabronione. W przypadku nieprzestrzegania tego wymogu, od Go\u015bcia pobierana jest op\u0142ata w wysoko\u015bci 60 EUR za dob\u0119 za dodatkowe sprz\u0105tanie pokoju specjalnymi \u015brodkami.    <\/li><li style=\"font-weight: 400;\">Uprzejmie prosimy o zwrot klucza administratorce hotelu przy wyje\u017adzie. W przypadku zgubienia klucza, do Pa\u0144stwa rachunku zostanie doliczona op\u0142ata za jego wyrobienie \u2013 15 EUR. <\/li><li style=\"font-weight: 400;\">Za niewykorzystane, zam\u00f3wione us\u0142ugi pieni\u0105dze nie s\u0105 zwracane.<\/li><li style=\"font-weight: 400;\">Pokoje s\u0105 sprz\u0105tane codziennie w godzinach 9:00 \u2013 18:00, pod nieobecno\u015b\u0107 Go\u015bcia w pokoju. Po\u015bciel, r\u0119czniki i szlafroki s\u0105 zmieniane co 3 dni. W przypadku cz\u0119stszej wymiany us\u0142uga jest p\u0142atna. Cena wymiany r\u0119cznik\u00f3w \u2013 6 EUR. Cena wymiany po\u015bcieli \u2013 20 EUR.     <\/li><li style=\"font-weight: 400;\">W godzinach od 22:00 do 6:00 w hotelu obowi\u0105zuje cisza nocna. Prosimy o uszanowanie odpoczynku innych go\u015bci. W przypadku, gdy co\u015b zak\u0142\u00f3ca Pa\u0144stwa spok\u00f3j, prosimy o kontakt z recepcj\u0105 hotelu pod numerem telefonu:     +370 5 210 2361.<\/li><li style=\"font-weight: 400;\">Pogotowie ratunkowe (GMP) \u2013 us\u0142uga podstawowa \u2013 bezp\u0142atna. Prosimy dzwoni\u0107 pod numer 112 lub skontaktowa\u0107 si\u0119 z recepcj\u0105 pod numerem tel.  +370 5 210 2361.<\/li><li style=\"font-weight: 400;\">Hotel ma prawo odm\u00f3wi\u0107 wst\u0119pu lub obs\u0142ugi osobom pod wp\u0142ywem alkoholu lub \u015brodk\u00f3w odurzaj\u0105cych, osobom, kt\u00f3rych zachowanie mo\u017ce zak\u0142\u00f3ci\u0107 porz\u0105dek publiczny, stwarza\u0107 zagro\u017cenie dla nich samych lub bezpiecze\u0144stwa innych Go\u015bci, stanu higienicznego lub by\u0107 sprzeczne z og\u00f3lnie przyj\u0119tymi normami zachowania. W takim przypadku pieni\u0105dze nie podlegaj\u0105 zwrotowi. <\/li><li style=\"font-weight: 400;\">Je\u015bli Go\u015b\u0107 nie opu\u015bci pokoju do godziny 14:00 i nie ma mo\u017cliwo\u015bci skontaktowania si\u0119 z nim, lub gdy Go\u015b\u0107 z\u0142o\u015bliwie nie ureguluje p\u0142atno\u015bci za \u015bwiadczone us\u0142ugi i nie opu\u015bci pokoju na \u017c\u0105danie administracji \u2013 administracja zastrzega sobie prawo do przeniesienia przedmiot\u00f3w znajduj\u0105cych si\u0119 w pokoju do innych, bezpiecznych pomieszcze\u0144 hotelowych. <\/li><li style=\"font-weight: 400;\">Przedmioty pozostawione w hotelu s\u0105 przechowywane przez 3 miesi\u0105ce, a nast\u0119pnie niszczone.<\/li><li style=\"font-weight: 400;\">Administracja hotelu zastrzega sobie prawo do wej\u015bcia do pokoju zajmowanego przez Go\u015bci w celu zapewnienia bezpiecze\u0144stwa.<\/li><\/ul><p style=\"font-weight: 400;\">Zatwierdzono zarz\u0105dzeniem dyrektor Agaty Ki\u010diatov\u0117.<\/p>\t\t\t\t\t\t\t\t<\/div>\n\t\t\t\t\t<\/div>\n\t\t\t\t<\/div>\n\t\t\t\t<\/div>\n\t\t","protected":false},"excerpt":{"rendered":"<p>regulamin wewn\u0119trzny Niniejszy regulamin jest obowi\u0105zkowy dla wszystkich Go\u015bci hotelu Corner, niezale\u017cnie od ich wieku. Ceny us\u0142ug s\u0105 publikowane na stronie internetowej www.cornerhotel.lt. Hotel ma prawo zmieni\u0107 list\u0119 dost\u0119pnych us\u0142ug lub ich ceny bez wcze\u015bniejszego powiadomienia. Osoby fizyczne mog\u0105 p\u0142aci\u0107 got\u00f3wk\u0105 (EUR) lub bankowymi kartami kredytowymi. W celu wystawienia faktury prosimy o poinformowanie recepcji hotelu [&hellip;]<\/p>\n","protected":false},"author":1,"featured_media":0,"parent":0,"menu_order":0,"comment_status":"closed","ping_status":"closed","template":"","meta":{"footnotes":""},"class_list":["post-2390","page","type-page","status-publish","hentry"],"_links":{"self":[{"href":"https:\/\/cornerhotel.lt\/pl\/wp-json\/wp\/v2\/pages\/2390","targetHints":{"allow":["GET"]}}],"collection":[{"href":"https:\/\/cornerhotel.lt\/pl\/wp-json\/wp\/v2\/pages"}],"about":[{"href":"https:\/\/cornerhotel.lt\/pl\/wp-json\/wp\/v2\/types\/page"}],"author":[{"embeddable":true,"href":"https:\/\/cornerhotel.lt\/pl\/wp-json\/wp\/v2\/users\/1"}],"replies":[{"embeddable":true,"href":"https:\/\/cornerhotel.lt\/pl\/wp-json\/wp\/v2\/comments?post=2390"}],"version-history":[{"count":2,"href":"https:\/\/cornerhotel.lt\/pl\/wp-json\/wp\/v2\/pages\/2390\/revisions"}],"predecessor-version":[{"id":2414,"href":"https:\/\/cornerhotel.lt\/pl\/wp-json\/wp\/v2\/pages\/2390\/revisions\/2414"}],"wp:attachment":[{"href":"https:\/\/cornerhotel.lt\/pl\/wp-json\/wp\/v2\/media?parent=2390"}],"curies":[{"name":"wp","href":"https:\/\/api.w.org\/{rel}","templated":true}]}}